{"id":204,"date":"2022-02-08T10:05:43","date_gmt":"2022-02-08T10:05:43","guid":{"rendered":"https:\/\/hectorreyes.com\/?page_id=204"},"modified":"2022-02-08T16:40:35","modified_gmt":"2022-02-08T16:40:35","slug":"guia-de-audicion-convida","status":"publish","type":"page","link":"https:\/\/hectorreyes.com\/?page_id=204","title":{"rendered":"ESCUCHANDO COnVIDa"},"content":{"rendered":"\n<p><img loading=\"lazy\" decoding=\"async\" class=\"wp-image-205 aligncenter\" src=\"https:\/\/hectorreyes.com\/wp-content\/uploads\/2022\/02\/Inlay-Interior-1024x807.jpg\" alt=\"\" width=\"281\" height=\"221\" srcset=\"https:\/\/hectorreyes.com\/wp-content\/uploads\/2022\/02\/Inlay-Interior-1024x807.jpg 1024w, https:\/\/hectorreyes.com\/wp-content\/uploads\/2022\/02\/Inlay-Interior-300x237.jpg 300w, https:\/\/hectorreyes.com\/wp-content\/uploads\/2022\/02\/Inlay-Interior-768x605.jpg 768w, https:\/\/hectorreyes.com\/wp-content\/uploads\/2022\/02\/Inlay-Interior-1536x1211.jpg 1536w, https:\/\/hectorreyes.com\/wp-content\/uploads\/2022\/02\/Inlay-Interior-1200x946.jpg 1200w, https:\/\/hectorreyes.com\/wp-content\/uploads\/2022\/02\/Inlay-Interior.jpg 1843w\" sizes=\"auto, (max-width: 281px) 85vw, 281px\" \/><\/p>\n<p><span style=\"font-weight: 400;\">01 Todo por ver<\/span><\/p>\n<p><span style=\"font-weight: 400;\">Ven a bailar conmigo. Soy una guitarra rodeada de compa\u00f1eras que te marcan el ritmo. Empieza nuestro viaje. No estar\u00e1s solo. Encontrar\u00e1s compa\u00f1eros a tu alrededor. Todos diferentes. Cada uno, su mensaje. Cada uno, su destino. En la variedad est\u00e1 la gracia. Si te llaman loco habr\u00e1s vencido tus prejuicios.\u00a0<\/span><\/p>\n<p><span style=\"font-weight: 400;\">02 Si es que no ves<\/span><\/p>\n<p><span style=\"font-weight: 400;\">Susurra un viejo piano y se mece esta madrugada. No te confundas: voy a exprimirte porque s\u00e9 lo que escondes. Quiero ver resbalar el sudor por tu frente. Por eso te canto r\u00e1pido. Por eso estos beats programados. Y sin darte cuenta, ya lo has intentado. Del esfuerzo queda un r\u00e1pido estribillo alentador. Ahora tienes que entender que este fracaso es el primer paso. El c\u00e1lido solo de guitarra te hace comprender que cada cicatriz son tatuajes para seguir aprendiendo.\u00a0<\/span><\/p>\n<p><span style=\"font-weight: 400;\">03 Lo que he logrado encontrar\u00a0<\/span><\/p>\n<p><span style=\"font-weight: 400;\">El est\u00e9reo es un sal\u00f3n de baile en el que se despliegan dos guitarras melosas. Nos mecen, traidoras, porque son c\u00f3mplices de nuestra encerrona: cantarte lo f\u00e1cil y lo dif\u00edcil que ha sido cruzar nuestras vidas. Ellas son el suelo de versos de amor derramados. Los \u00faltimos compases luminosos son para decirte que lo mejor de encontrarte es prometer jam\u00e1s perderte.\u00a0<\/span><\/p>\n<p><img loading=\"lazy\" decoding=\"async\" class=\"wp-image-218 alignright\" src=\"https:\/\/hectorreyes.com\/wp-content\/uploads\/2022\/02\/DSC_0169-678x1024.jpg\" alt=\"\" width=\"318\" height=\"480\" srcset=\"https:\/\/hectorreyes.com\/wp-content\/uploads\/2022\/02\/DSC_0169-678x1024.jpg 678w, https:\/\/hectorreyes.com\/wp-content\/uploads\/2022\/02\/DSC_0169-199x300.jpg 199w, https:\/\/hectorreyes.com\/wp-content\/uploads\/2022\/02\/DSC_0169-768x1160.jpg 768w, https:\/\/hectorreyes.com\/wp-content\/uploads\/2022\/02\/DSC_0169-1017x1536.jpg 1017w, https:\/\/hectorreyes.com\/wp-content\/uploads\/2022\/02\/DSC_0169-1356x2048.jpg 1356w, https:\/\/hectorreyes.com\/wp-content\/uploads\/2022\/02\/DSC_0169-1200x1812.jpg 1200w, https:\/\/hectorreyes.com\/wp-content\/uploads\/2022\/02\/DSC_0169-scaled.jpg 1696w\" sizes=\"auto, (max-width: 318px) 85vw, 318px\" \/><\/p>\n<p><span style=\"font-weight: 400;\">04 S\u00f3lo a tomar caf\u00e9<\/span><\/p>\n<p><span style=\"font-weight: 400;\">S\u00f3lo me hace falta un piano alegre para valorar lo que tarda el tiempo para crear su magia. Pero pronto se nos une una t\u00edmida orquesta que remarca mis deseos y temores. No hay m\u00e1s remedio que invitar a un sabroso bajo que martillee junto a su inseparable bater\u00eda. \u00bfRepetimos? \u00a1Otro caf\u00e9, por favor!<\/span><\/p>\n<p><span style=\"font-weight: 400;\">05 Qu\u00e9 va a cambiar<\/span><\/p>\n<p><span style=\"font-weight: 400;\">S\u00f3lo diez segundos y la m\u00fasica se ti\u00f1e de negro. Se vuelve oscura, amenazadora, peligrosa&#8230; Es el mismo lapso de tiempo en el que puede cambiar tu vida. No eres inmortal, chaval. El bajo martilleante marca el ritmo de mi rabia: dicen que luchamos contra un fantasma. Pero yo he visto ese fantasma llevarse muchas vidas. Deber\u00edas estar aqu\u00ed conmigo y entender\u00edas lo que sufro. Por eso este tema crece con capas de m\u00fasica hasta un fade out infinito. Pero podr\u00eda seguir. Eternamente.<\/span><\/p>\n<p><span style=\"font-weight: 400;\">06 Pluma y papel\u00a0<\/span><\/p>\n<p><span style=\"font-weight: 400;\">Tambores y guitarras \u00e9picas inician los compases m\u00e1s originales. Pero se rompe la canci\u00f3n con percusiones programadas. Hay palmas sampleadas. Y empiezo a rapear. S\u00ed, qu\u00e9 pasa. No tengo edad; tengo voluntad. Movi\u00e9ndose est\u00e1n tus pies. En una canci\u00f3n guardo el mar. El mundo entero cabe dentro de un papel. El instrumento m\u00e1s potente de esta canci\u00f3n es la imaginaci\u00f3n.\u00a0<\/span><\/p>\n<p><span style=\"font-weight: 400;\">07 Da\u00f1o colateral\u00a0<\/span><\/p>\n<p><span style=\"font-weight: 400;\">Mi dislexia no deja de escribir corateral. Insisto: co-la-te-ral. Lo repito con tambores de fondo. Siento la tensi\u00f3n de la m\u00fasica fluir. No s\u00e9 si la pr\u00f3xima vez acertar\u00e9, pero al menos lo intentar\u00e9. Vuelan arreglos de cuerda por mis auriculares. Arpegios veloces. Crece la tensi\u00f3n y el abrupto final me deja como al gritar en un bar justo cuando quitan la m\u00fasica. Todos me miran. Creo que yo tambi\u00e9n soy un da\u00f1o co-la-te-ral.\u00a0<\/span><\/p>\n<p><span style=\"font-weight: 400;\">08 Clare<\/span><\/p>\n<p><span style=\"font-weight: 400;\">Ella tocaba la guitarra. Su \u00faltimo suspiro se lo dedic\u00f3 a su compa\u00f1era de madera. Abrazadas ambas dijeron adi\u00f3s. Por eso me sorprende la luz y la energ\u00eda de este tema. Podr\u00eda haber sido triste, melanc\u00f3lico. Pero ten\u00eda que tener luz. Vida. Fuerza. Y va creciendo y creciendo entre coros et\u00e9reos,\u00a0 arreglos m\u00edsticos y cambios de ritmo brutales . No conoc\u00eda la vida de Clare, pero en apenas cuatro minutos ya la echo de menos.\u00a0<\/span><\/p>\n<p><img loading=\"lazy\" decoding=\"async\" class=\"wp-image-219 alignright\" src=\"https:\/\/hectorreyes.com\/wp-content\/uploads\/2022\/02\/DSC_0162-1024x678.jpg\" alt=\"\" width=\"329\" height=\"218\" srcset=\"https:\/\/hectorreyes.com\/wp-content\/uploads\/2022\/02\/DSC_0162-1024x678.jpg 1024w, https:\/\/hectorreyes.com\/wp-content\/uploads\/2022\/02\/DSC_0162-300x199.jpg 300w, https:\/\/hectorreyes.com\/wp-content\/uploads\/2022\/02\/DSC_0162-768x509.jpg 768w, https:\/\/hectorreyes.com\/wp-content\/uploads\/2022\/02\/DSC_0162-1536x1017.jpg 1536w, https:\/\/hectorreyes.com\/wp-content\/uploads\/2022\/02\/DSC_0162-2048x1356.jpg 2048w, https:\/\/hectorreyes.com\/wp-content\/uploads\/2022\/02\/DSC_0162-1200x795.jpg 1200w\" sizes=\"auto, (max-width: 329px) 85vw, 329px\" \/><\/p>\n<p><span style=\"font-weight: 400;\">09 El hilo no se ha cortado\u00a0<\/span><\/p>\n<p><span style=\"font-weight: 400;\">\u00bfC\u00f3mo una misma melod\u00eda puede ser triste y esperanzadora a la vez? Juega a eso este tema, que en su mitad despega con una magn\u00edfica guitarra el\u00e9ctrica desbordante. \u201cTodo va a salir bien\u201d, leo en los balcones. Pero no es verdad: ahora somos menos. Esta preciosa melod\u00eda nos besa el alma. Y ya nunca los olvidaremos.\u00a0<\/span><\/p>\n<p>\u00a0<\/p>\n<p><span style=\"font-weight: 400;\">10 M\u00e1s all\u00e1 de la oscuridad<\/span><\/p>\n<p><span style=\"font-weight: 400;\">La primera vez que escuch\u00e9 los aplausos de mis vecinos cre\u00eda que estaba lloviendo. Este camale\u00f3nico tema capta esa dualidad que vivimos aquellos extra\u00f1os d\u00edas: la soledad del d\u00eda encerrados y la apertura de las ventanas al barrio, que nos daba aire, luz, energ\u00eda&#8230; Por eso el final es mitad \u00e9pico y mitad melanc\u00f3lico. Porque cada tarde, pasara lo que pasara, acab\u00e1bamos sonri\u00e9ndonos.\u00a0<\/span><\/p>\n<p><span style=\"font-weight: 400;\">11 Durante la noche\u00a0<\/span><\/p>\n<p><span style=\"font-weight: 400;\">Grabar un disco no es s\u00f3lo componerlo y tocarlo. La producci\u00f3n que el profano obvia juega un papel vital. Esta noche me apetece enviarle una canci\u00f3n de mi tocayo a Tom Newman, el coproductor de &#8216;Tubular Bells&#8217; (Mike Oldfield). Y me contesta: \u00ab\u00a1Tu amigo es un compositor interesante! Buenas melod\u00edas e ideas.\u00bb Eso mismo me pasa con temas como \u00e9ste: de d\u00f3nde saca estas ocurrencias musicales. Si existe la verg\u00fcenza ajena, deber\u00eda existir el &#8216;orgullo ajeno&#8217;. Es lo que siento al escuchar temas como \u00e9ste, tan inquietante como atrayente. Su personalidad hecha m\u00fasica.\u00a0<\/span><\/p>\n<p><span style=\"font-weight: 400;\">12 La conquista interior<\/span><\/p>\n<p><span style=\"font-weight: 400;\">Demasiadas horas encerrado. Las cuerdas bailan acompasadas. Es su fiesta. Se vuelven locas. Guitarras desquiciadas. Son como un tren a punto de descarrilar. Pero no descarrilan. Saben mantener el equilibrio, que es una melod\u00eda cuerda. Gracias a eso pasa la noche. Y llegamos a la pr\u00f3xima estaci\u00f3n.\u00a0<\/span><\/p>\n<p><span style=\"font-weight: 400;\">13 Tras la espera\u00a0<\/span><\/p>\n<p><span style=\"font-weight: 400;\">Voces humanas nos reciben como nubes blancas. Calman la tensi\u00f3n de la conquista interior. Estamos jugando a inventar m\u00fasica. Todo es posible. T\u00fa eres nuestra herramienta: tus t\u00edmpanos vibran tal y como queramos nosotros, instrumentos libres y desacomplejados. Los truenos son percusiones programadas que cambian el ritmo. Porque no sabemos qu\u00e9 est\u00e1 pasando. Ni ad\u00f3nde vamos. As\u00ed que simplemente sigamos adelante. Rendirse no es una opci\u00f3n. Cada experiencia es aprendizaje. No dejes de sorprenderte.\u00a0<\/span><\/p>\n<p><span style=\"font-weight: 400;\">14 El \u00faltimo baile\u00a0<\/span><\/p>\n<p><span style=\"font-weight: 400;\">Ens\u00e9\u00f1ame a bailar. Porque no s\u00e9. Mi primer baile podr\u00eda ser tambi\u00e9n el \u00faltimo. Cuando tienes ganas de dejarlo todo, al menos que no sea en tu primer intento. Este baile lento suena a despedida. La despedida de alguien que quer\u00eda dejar de bailar. Pero cuando par\u00f3 la m\u00fasica mir\u00f3 el sal\u00f3n quieto. Y sigui\u00f3 tocando. Por si alguien quer\u00eda bailar.\u00a0<\/span><\/p>\n<p><span style=\"font-weight: 400;\">15 Con ojos de ni\u00f1o<\/span><\/p>\n<p><span style=\"font-weight: 400;\">Soy una nana que duerme al ni\u00f1o despu\u00e9s de sus travesuras. No hay maldad en sus actos; s\u00f3lo la inocencia atrapada en compases sosegados y dulces. Cierra los ojos; ya duermes. Vuelves a ser un ni\u00f1o. \u00bfNo es m\u00e1s sencillo?\u00a0<\/span><\/p>\n<p><img loading=\"lazy\" decoding=\"async\" class=\"wp-image-220 alignright\" src=\"https:\/\/hectorreyes.com\/wp-content\/uploads\/2022\/02\/DSC_0168-678x1024.jpg\" alt=\"\" width=\"354\" height=\"535\" srcset=\"https:\/\/hectorreyes.com\/wp-content\/uploads\/2022\/02\/DSC_0168-678x1024.jpg 678w, https:\/\/hectorreyes.com\/wp-content\/uploads\/2022\/02\/DSC_0168-199x300.jpg 199w, https:\/\/hectorreyes.com\/wp-content\/uploads\/2022\/02\/DSC_0168-768x1160.jpg 768w, https:\/\/hectorreyes.com\/wp-content\/uploads\/2022\/02\/DSC_0168-1017x1536.jpg 1017w, https:\/\/hectorreyes.com\/wp-content\/uploads\/2022\/02\/DSC_0168-1356x2048.jpg 1356w, https:\/\/hectorreyes.com\/wp-content\/uploads\/2022\/02\/DSC_0168-1200x1812.jpg 1200w, https:\/\/hectorreyes.com\/wp-content\/uploads\/2022\/02\/DSC_0168-scaled.jpg 1696w\" sizes=\"auto, (max-width: 354px) 85vw, 354px\" \/><\/p>\n<p><span style=\"font-weight: 400;\">16 Descubriendo el optimismo<\/span><\/p>\n<p><span style=\"font-weight: 400;\">Como si ese mismo ni\u00f1o despertara, as\u00ed despierta un piano curioso. El sol entra por la ventana y va iluminando un tema que destapa brillos por doquier. Las sombras se retiran y dejan ver lo oculto que ten\u00edamos guardado: lo mejor siempre precisa un poco de luz. Aunque sea de un piano contento.\u00a0<\/span><\/p>\n<p><span style=\"font-weight: 400;\">17 Juntos\u00a0<\/span><\/p>\n<p><span style=\"font-weight: 400;\">Este es un peque\u00f1o viaje de aprendizaje que tenemos que recorrer juntos. Porque las desgracias y las alegr\u00edas, los conciertos y las pel\u00edculas, los besos y los abrazos&#8230; se disfrutan (\u00a1de qu\u00e9 manera!) mejor en compa\u00f1\u00eda. Los episodios de este tema te sorprender\u00e1n a cada segundo; todo cambia: los instrumentos, las melod\u00edas, los ritmos&#8230; Una peque\u00f1a banda sonora de tu vida, donde no faltan los momentos \u00e9picos y las percusiones vibrantes, los vientos poderosos y un final&#8230; feliz. Porque seguimos juntos.\u00a0<\/span><\/p>\n<p><span style=\"font-weight: 400;\">18 Una oraci\u00f3n\u00a0<\/span><\/p>\n<p><span style=\"font-weight: 400;\">A ese Dios que parece dormido&#8230; Cualquier palabra romper\u00eda la magia. El mejor cronista sabe callar a tiempo. Ni una palabra y queda todo dicho. Gracias.\u00a0<\/span><\/p>\n<p style=\"text-align: right;\"><span style=\"font-weight: 400;\">H\u00e9ctor Campos<\/span><\/p>\n","protected":false},"excerpt":{"rendered":"<p>01 Todo por ver Ven a bailar conmigo. Soy una guitarra rodeada de compa\u00f1eras que te marcan el ritmo. Empieza nuestro viaje. No estar\u00e1s solo. Encontrar\u00e1s compa\u00f1eros a tu alrededor. Todos diferentes. Cada uno, su mensaje. Cada uno, su destino. En la variedad est\u00e1 la gracia. Si te llaman loco habr\u00e1s vencido tus prejuicios.\u00a0 02 &hellip; <a href=\"https:\/\/hectorreyes.com\/?page_id=204\" class=\"more-link\">Continuar leyendo<span class=\"screen-reader-text\"> \u00abESCUCHANDO COnVIDa\u00bb<\/span><\/a><\/p>\n","protected":false},"author":1,"featured_media":0,"parent":0,"menu_order":0,"comment_status":"closed","ping_status":"closed","template":"","meta":{"footnotes":""},"class_list":["post-204","page","type-page","status-publish","hentry"],"_links":{"self":[{"href":"https:\/\/hectorreyes.com\/index.php?rest_route=\/wp\/v2\/pages\/204","targetHints":{"allow":["GET"]}}],"collection":[{"href":"https:\/\/hectorreyes.com\/index.php?rest_route=\/wp\/v2\/pages"}],"about":[{"href":"https:\/\/hectorreyes.com\/index.php?rest_route=\/wp\/v2\/types\/page"}],"author":[{"embeddable":true,"href":"https:\/\/hectorreyes.com\/index.php?rest_route=\/wp\/v2\/users\/1"}],"replies":[{"embeddable":true,"href":"https:\/\/hectorreyes.com\/index.php?rest_route=%2Fwp%2Fv2%2Fcomments&post=204"}],"version-history":[{"count":4,"href":"https:\/\/hectorreyes.com\/index.php?rest_route=\/wp\/v2\/pages\/204\/revisions"}],"predecessor-version":[{"id":221,"href":"https:\/\/hectorreyes.com\/index.php?rest_route=\/wp\/v2\/pages\/204\/revisions\/221"}],"wp:attachment":[{"href":"https:\/\/hectorreyes.com\/index.php?rest_route=%2Fwp%2Fv2%2Fmedia&parent=204"}],"curies":[{"name":"wp","href":"https:\/\/api.w.org\/{rel}","templated":true}]}}