{"id":74,"date":"2017-08-16T09:50:26","date_gmt":"2017-08-16T09:50:26","guid":{"rendered":"http:\/\/hectorreyes.com\/wordpress\/?page_id=74"},"modified":"2022-01-27T19:29:09","modified_gmt":"2022-01-27T19:29:09","slug":"discografia","status":"publish","type":"page","link":"https:\/\/hectorreyes.com\/?page_id=74","title":{"rendered":"Discograf\u00eda"},"content":{"rendered":"<p><img loading=\"lazy\" decoding=\"async\" class=\"wp-image-186 aligncenter\" src=\"https:\/\/hectorreyes.com\/wp-content\/uploads\/2022\/01\/COnVIDa-promo4-1024x888.jpg\" alt=\"\" width=\"325\" height=\"282\" srcset=\"https:\/\/hectorreyes.com\/wp-content\/uploads\/2022\/01\/COnVIDa-promo4-1024x888.jpg 1024w, https:\/\/hectorreyes.com\/wp-content\/uploads\/2022\/01\/COnVIDa-promo4-300x260.jpg 300w, https:\/\/hectorreyes.com\/wp-content\/uploads\/2022\/01\/COnVIDa-promo4-768x666.jpg 768w, https:\/\/hectorreyes.com\/wp-content\/uploads\/2022\/01\/COnVIDa-promo4-1536x1333.jpg 1536w, https:\/\/hectorreyes.com\/wp-content\/uploads\/2022\/01\/COnVIDa-promo4-2048x1777.jpg 2048w, https:\/\/hectorreyes.com\/wp-content\/uploads\/2022\/01\/COnVIDa-promo4-1200x1041.jpg 1200w\" sizes=\"auto, (max-width: 325px) 85vw, 325px\" \/><\/p>\n<p align=\"center\"><span style=\"color: #000000; font-family: Monotype Corsiva; font-size: x-large;\">\u00a1Muchos temas los puedes <a href=\"https:\/\/www.youtube.com\/watch?v=KHpJk_gxnYs&amp;list=PL7lJvnhQvFfsIGaAiWf2-iJZ0iI3QkgJA\" target=\"blank\" rel=\"noopener\">encontrar en Youtube<\/a>!<\/span><\/p>\n<p align=\"center\"><span style=\"color: #000000; font-family: Monotype Corsiva; font-size: x-large;\"><strong><u>COnVIDa (2022)<\/u><\/strong><\/span><\/p>\n<p align=\"center\"><img loading=\"lazy\" decoding=\"async\" class=\"alignnone  wp-image-190\" src=\"https:\/\/hectorreyes.com\/wp-content\/uploads\/2022\/01\/Portada-COnVIDa-1018x1024.jpg\" alt=\"\" width=\"315\" height=\"317\" srcset=\"https:\/\/hectorreyes.com\/wp-content\/uploads\/2022\/01\/Portada-COnVIDa-1018x1024.jpg 1018w, https:\/\/hectorreyes.com\/wp-content\/uploads\/2022\/01\/Portada-COnVIDa-298x300.jpg 298w, https:\/\/hectorreyes.com\/wp-content\/uploads\/2022\/01\/Portada-COnVIDa-150x150.jpg 150w, https:\/\/hectorreyes.com\/wp-content\/uploads\/2022\/01\/Portada-COnVIDa-768x773.jpg 768w, https:\/\/hectorreyes.com\/wp-content\/uploads\/2022\/01\/Portada-COnVIDa-1200x1208.jpg 1200w, https:\/\/hectorreyes.com\/wp-content\/uploads\/2022\/01\/Portada-COnVIDa.jpg 1435w\" sizes=\"auto, (max-width: 315px) 85vw, 315px\" \/><\/p>\n<p style=\"text-align: center;\">1 Todo por ver 4:54<\/p>\n<p style=\"text-align: center;\">2 Si es que no ves 3:37<\/p>\n<p style=\"text-align: center;\">3 Lo que he logrado encontrar 3:50<\/p>\n<p style=\"text-align: center;\">4 Solo a tomar caf\u00e9 4:21<\/p>\n<p style=\"text-align: center;\">5 Qu\u00e9 va a cambiar 4:53<\/p>\n<p style=\"text-align: center;\">6 Pluma y papel 3:57<\/p>\n<p style=\"text-align: center;\">7 Da\u00f1o colateral 2:46<\/p>\n<p style=\"text-align: center;\">8 Clare 3:55<\/p>\n<p style=\"text-align: center;\">9 El hilo no se ha cortado 2:52<\/p>\n<p style=\"text-align: center;\">10 M\u00e1s all\u00e1 de la oscuridad 5:42<\/p>\n<p style=\"text-align: center;\">11 Durante la noche 4:06<\/p>\n<p style=\"text-align: center;\">12 La conquista interior 4:42<\/p>\n<p style=\"text-align: center;\">13 Tras la espera 4:50<\/p>\n<p style=\"text-align: center;\">14 El \u00faltimo baile 5:20<\/p>\n<p style=\"text-align: center;\">15 Con ojos de ni\u00f1o 4:19<\/p>\n<p style=\"text-align: center;\">16 Descubriendo el optimismo 3:07<\/p>\n<p style=\"text-align: center;\">17 Juntos 8:40<\/p>\n<p style=\"text-align: center;\">18 Una oraci\u00f3n 2:33<\/p>\n<p>Los cantantes:<\/p>\n<p>Carmen Mox\u00f3 en (2), (3), (4), (8), coros en (6)<\/p>\n<p>Vanesa Gallego en (1), (5), (7)<\/p>\n<p>H\u00e9ctor Reyes en (6)<\/p>\n<p>Pilar Mox\u00f3, coros en (4), (18)<\/p>\n<p>Celia Reyes, coros en (13)<\/p>\n<p align=\"center\"><span style=\"color: #000000; font-family: Monotype Corsiva; font-size: x-large;\"><strong><u>VIENTO Y LUZ (2019)<\/u><\/strong><\/span><\/p>\n<p align=\"center\"><img loading=\"lazy\" decoding=\"async\" class=\"alignnone size-full wp-image-163\" src=\"https:\/\/hectorreyes.com\/wp-content\/uploads\/2019\/10\/inlay-reverso-peque\u00f1o.png\" alt=\"\" width=\"369\" height=\"291\" srcset=\"https:\/\/hectorreyes.com\/wp-content\/uploads\/2019\/10\/inlay-reverso-peque\u00f1o.png 369w, https:\/\/hectorreyes.com\/wp-content\/uploads\/2019\/10\/inlay-reverso-peque\u00f1o-300x237.png 300w\" sizes=\"auto, (max-width: 369px) 85vw, 369px\" \/><\/p>\n<div style=\"text-align: center;\">1. Si t\u00fa no est\u00e1s (4:02)<\/div>\n<div style=\"text-align: center;\">2. Cuento de hadas (5:44)<\/div>\n<div style=\"text-align: center;\">3. Conf\u00eda en ti (3:42)<\/div>\n<div style=\"text-align: center;\">4. Lo que tiene valor (3:16)<\/div>\n<div style=\"text-align: center;\">5. Un tipo feliz (5:02)<\/div>\n<div style=\"text-align: center;\">6. Te disipas en el aire (4:30)<\/div>\n<div style=\"text-align: center;\">7. Crees (4:28)<\/div>\n<div style=\"text-align: center;\">8. Mis elementos (4:16)<\/div>\n<div style=\"text-align: center;\">9. Luna de hiel (4:02)<\/div>\n<div style=\"text-align: center;\">10. Una piedra en el zapato (3:30)<\/div>\n<div><\/div>\n<div>Los cantantes: Miguel Dantart (5), Tai Gonz\u00e1lez (1), Vanesa Gallego (7) y (8), Koque Latorre(10), Carmen Mox\u00f3 (4), (6) y (9), Jes\u00fas Malho (4), Carla Samper (3), H\u00e9ctor Reyes (2)<\/div>\n<div><\/div>\n<p align=\"center\"><span style=\"color: #000000; font-family: Monotype Corsiva; font-size: x-large;\"><strong><u>RETALES (2017)<\/u><\/strong><\/span><\/p>\n<p align=\"center\"><img loading=\"lazy\" decoding=\"async\" class=\"alignnone wp-image-108\" src=\"http:\/\/hectorreyes.com\/wp-content\/uploads\/2017\/08\/retales-web-994x1024.jpg\" alt=\"\" width=\"292\" height=\"301\" srcset=\"https:\/\/hectorreyes.com\/wp-content\/uploads\/2017\/08\/retales-web-994x1024.jpg 994w, https:\/\/hectorreyes.com\/wp-content\/uploads\/2017\/08\/retales-web-291x300.jpg 291w, https:\/\/hectorreyes.com\/wp-content\/uploads\/2017\/08\/retales-web-768x792.jpg 768w, https:\/\/hectorreyes.com\/wp-content\/uploads\/2017\/08\/retales-web-1200x1237.jpg 1200w, https:\/\/hectorreyes.com\/wp-content\/uploads\/2017\/08\/retales-web.jpg 1437w\" sizes=\"auto, (max-width: 292px) 85vw, 292px\" \/><\/p>\n<p align=\"center\"><span style=\"color: #000000; font-size: x-large;\"><strong><span style=\"font-family: Monotype Corsiva;\">1 La compa\u00f1\u00eda. 2:46<br \/>\n2 Cerca del odio. 3:24<br \/>\n3 El amor verdadero. 3:04<br \/>\n4 El amor verdadero II. 2:16<br \/>\n5 Impromptu. 1:14<br \/>\n6 El regreso. 4:50<br \/>\n7 Es la libertad. 3:26<br \/>\n8 Esperanza. 3:56<br \/>\n9 Encuentro de dos almas. 2:48<br \/>\n10 Excelso. 3:24<br \/>\n11 Perd\u00f3name. 3:13<br \/>\n12 Mi adolescente. 3:38<br \/>\n13 El final del camino. 10:40<br \/>\nMaterial extra<br \/>\n14 Cerca del odio (instrumental). 3:26<br \/>\n15 Es la libertad (instrumental). 3:30<\/span><\/strong><\/span><\/p>\n<p align=\"center\"><span style=\"color: #000000; font-family: Monotype Corsiva; font-size: x-large;\"><strong><u>RINCONES DEL ALMA (2014)<\/u><\/strong><\/span><\/p>\n<p><img loading=\"lazy\" decoding=\"async\" class=\"aligncenter\" src=\"http:\/\/hectorreyes.com\/rincones%20del%20alma.jpg\" width=\"300\" height=\"300\" \/><\/p>\n<p align=\"center\"><span style=\"color: #000000; font-size: x-large;\"><strong><span style=\"font-family: Monotype Corsiva;\"> 1.- TODO ME DA VUELTAS \u00a0\u00a0 6:50<br \/>\n2-. ENTRE EL CIELO Y EL INFIERNO \u00a0\u00a0 5:45<br \/>\n3.- AVE F\u00c9NIX \u00a0\u00a0 4:47<br \/>\n4.- ANTONIO Y F\u00c1TIMA \u00a0\u00a0 5:59<br \/>\n5.- RECUERDOS DEL ALMA \u00a0\u00a0 9:35<br \/>\n6.- QU\u00c9 HA VISTO EN M\u00cd \u00a0\u00a0 3:47<br \/>\n7.- CRIS\u00c1LIDA \u00a0\u00a0 3:59<br \/>\n8.- UN NUEVO COMIENZO \u00a0\u00a0 3:37<br \/>\n<\/span><\/strong><\/span><\/p>\n<p style=\"text-align: center;\"><span style=\"color: #000000;\"><span style=\"font-family: Monotype Corsiva; font-size: x-large;\"><strong><u>CRISTALINO (2011)<\/u><\/strong><\/span><\/span><\/p>\n<p><img loading=\"lazy\" decoding=\"async\" class=\"aligncenter\" src=\"http:\/\/hectorreyes.com\/cristalino.jpg\" width=\"300\" height=\"300\" \/><\/p>\n<p align=\"center\"><span style=\"color: #000000; font-size: x-large;\"><strong><span style=\"font-family: Monotype Corsiva;\"> 1.- SOSIEGO \u00a0\u00a0 7:18<br \/>\n2-. CELIA \u00a0\u00a0 6:57<br \/>\n3.- PABLO \u00a0\u00a0 8:38<br \/>\n4.- NEWONE \u00a0\u00a0 4:49<br \/>\n5.- QUI\u00c9N ERES \u00a0\u00a0 7:49<br \/>\n6.- UN D\u00cdA CUALQUIERA \u00a0\u00a0 7:17<br \/>\n<\/span><\/strong><\/span><\/p>\n<p align=\"center\"><span style=\"color: #000000; font-size: x-large;\"><strong><span style=\"font-family: Monotype Corsiva;\"><strong><u>ENCADENADO (2005)<\/u><\/strong><\/span><\/strong><\/span><\/p>\n<p><img loading=\"lazy\" decoding=\"async\" class=\"aligncenter\" src=\"http:\/\/hectorreyes.com\/encadenado.jpg\" width=\"300\" height=\"300\" \/><\/p>\n<p align=\"center\"><span style=\"color: #000000; font-size: x-large;\"><strong><span style=\"font-family: Monotype Corsiva;\">1.- ESLAB\u00d3N 1 \u00a0\u00a0 3:05<br \/>\n2-. ESLAB\u00d3N 2 \u00a0\u00a0 2:51<br \/>\n3.- ESLAB\u00d3N 3 \u00a0\u00a0 3:54<br \/>\n4.- ESLAB\u00d3N 4 \u00a0\u00a0 3:07<br \/>\n5.- ESLAB\u00d3N 5 \u00a0\u00a0 3:29<br \/>\n6.- ESLAB\u00d3N 6 \u00a0\u00a0 6:18<br \/>\n7.- ESLAB\u00d3N 7 \u00a0\u00a0 3:39<br \/>\n8.- ESLAB\u00d3N 8 \u00a0\u00a0 3:19<br \/>\n9.- ESLAB\u00d3N 9 \u00a0\u00a0 2:39<br \/>\nPARTY AT ALBANY\u00b4S:<br \/>\n10.- CAMPUS \u00a0\u00a0 1:26<br \/>\n11.- MEN ONLY \u00a0\u00a0 1:18<br \/>\n12.- MUCH BETTER WITH JEANS \u00a0\u00a0 0:16<br \/>\n13.- I\u00b4M IN! \u00a0\u00a0 1:27<br \/>\n14.- AWAKENING \u00a0\u00a0 0:26<br \/>\n15.- END TITLES \u00a0\u00a0 1:19<br \/>\n<span style=\"color: #000000; font-family: Monotype Corsiva; font-size: x-large;\"><strong><u>EL HOMBRE DE LA CALLE (2004)<\/u><\/strong><\/span><\/span><\/strong><\/span><\/p>\n<p><img loading=\"lazy\" decoding=\"async\" class=\"aligncenter\" src=\"http:\/\/hectorreyes.com\/hdlc.jpg\" width=\"300\" height=\"300\" \/><\/p>\n<p align=\"center\"><span style=\"color: #000000; font-family: Monotype Corsiva; font-size: x-large;\"><strong>1.-Junto al maestro. 3:05<\/strong><\/span><\/p>\n<p align=\"center\"><span style=\"color: #000000; font-family: Monotype Corsiva; font-size: x-large;\"><strong> 2.-Metamorfosis. 4:51<\/strong><\/span><\/p>\n<p align=\"center\"><span style=\"color: #000000; font-family: Monotype Corsiva; font-size: x-large;\"><strong> 3.-Blusete. 4:59<\/strong><\/span><\/p>\n<p align=\"center\"><span style=\"color: #000000; font-family: Monotype Corsiva; font-size: x-large;\"><strong> 4.-Atrapar a un ladr\u00f3n (I). 4:14<\/strong><\/span><\/p>\n<p align=\"center\"><span style=\"color: #000000; font-family: Monotype Corsiva; font-size: x-large;\"><strong> 5.-Atrapar a un ladr\u00f3n (II). 3:29<\/strong><\/span><\/p>\n<p align=\"center\"><span style=\"color: #000000; font-family: Monotype Corsiva; font-size: x-large;\"><strong> 6.-El hombre de la calle (Piano solo). 3:40<\/strong><\/span><\/p>\n<p align=\"center\"><span style=\"color: #000000; font-family: Monotype Corsiva; font-size: x-large;\"><strong> 7- Un paso atr\u00e1s. 5:15<\/strong><\/span><\/p>\n<p align=\"center\"><span style=\"color: #000000; font-family: Monotype Corsiva; font-size: x-large;\"><strong> 8.-Beethoven\u00b4s Seventh Sinphony, 2\u00ba mov. (I). 2:38<\/strong><\/span><\/p>\n<p align=\"center\"><span style=\"color: #000000; font-family: Monotype Corsiva; font-size: x-large;\"><strong>9.-Beethoven\u00b4s Seventh Simphony, 2\u00ba mov. (II). 2:24<\/strong><\/span><\/p>\n<p align=\"center\"><span style=\"color: #000000; font-family: Monotype Corsiva; font-size: x-large;\"><strong>Suite Silar.<\/strong><\/span><\/p>\n<p align=\"center\"><span style=\"color: #000000; font-family: Monotype Corsiva; font-size: x-large;\"><strong> 10.-Silar (Piano solo). 2:40<\/strong><\/span><\/p>\n<p align=\"center\"><span style=\"color: #000000; font-family: Monotype Corsiva; font-size: x-large;\"><strong> 11.-\u00a0Fiesta. 0:50<\/strong><\/span><\/p>\n<p align=\"center\"><span style=\"color: #000000; font-family: Monotype Corsiva; font-size: x-large;\"><strong> 12.-Marujas. 1:20<\/strong><\/span><\/p>\n<p align=\"center\"><span style=\"color: #000000; font-family: Monotype Corsiva; font-size: x-large;\"><strong> 13.-Adi\u00f3s. 1:36<\/strong><\/span><\/p>\n<p align=\"center\"><span style=\"color: #000000; font-family: Monotype Corsiva; font-size: x-large;\"><strong> 14.-Silar. 1:20<\/strong><\/span><\/p>\n<p align=\"center\"><span style=\"color: #000000; font-family: Monotype Corsiva; font-size: x-large;\"><strong><u>LA SEXTA V\u00cdA (1999)<\/u><\/strong><\/span><\/p>\n<p align=\"center\"><span style=\"color: #000000; font-size: x-large;\"><strong><span style=\"font-family: Monotype Corsiva;\"><span style=\"color: #000000; font-size: x-large;\"><strong><span style=\"font-family: Monotype Corsiva;\"><span style=\"color: #000000; font-family: Monotype Corsiva; font-size: x-large;\"><strong><img loading=\"lazy\" decoding=\"async\" src=\"http:\/\/hectorreyes.com\/sexta.jpg\" width=\"300\" height=\"300\" align=\"MIDDLE\" \/><\/strong><\/span><\/span><\/strong><\/span><\/span><\/strong><\/span><\/p>\n<p align=\"center\"><span style=\"color: #000000; font-size: x-large;\"><strong><span style=\"font-family: Monotype Corsiva;\">1.-The non movie score part I (Orquestal). 3:12<\/span><\/strong><\/span><\/p>\n<p align=\"center\"><span style=\"color: #000000; font-family: Monotype Corsiva; font-size: x-large;\"><strong>2.-The non movie score part II. 4:18<\/strong><\/span><\/p>\n<p align=\"center\"><span style=\"color: #000000; font-family: Monotype Corsiva; font-size: x-large;\"><strong>3.-The non movie score part III. 3:45<\/strong><\/span><\/p>\n<p align=\"center\"><span style=\"color: #000000; font-family: Monotype Corsiva; font-size: x-large;\"><strong>4.-Entre Bach y yo. 5:57<\/strong><\/span><\/p>\n<p align=\"center\"><span style=\"color: #000000; font-family: Monotype Corsiva; font-size: x-large;\"><strong>5.-\u00bfEs tu aniversario o el m\u00edo? (Piano solo). 5:42<\/strong><\/span><\/p>\n<p align=\"center\"><span style=\"color: #000000; font-family: Monotype Corsiva; font-size: x-large;\"><strong>6.-Un descanso m\u00e1s. 5:43<\/strong><\/span><\/p>\n<p align=\"center\"><span style=\"color: #000000; font-family: Monotype Corsiva; font-size: x-large;\"><strong>7- Ilusiones. 5:32<\/strong><\/span><\/p>\n<p align=\"center\"><span style=\"color: #000000; font-family: Monotype Corsiva; font-size: x-large;\"><strong>8.-Parte de m\u00ed (Piano solo). 2:34<\/strong><\/span><\/p>\n<p align=\"center\"><span style=\"color: #000000; font-family: Monotype Corsiva; font-size: x-large;\"><strong>9.-Pasaje espa\u00f1ol. 4:26<\/strong><\/span><\/p>\n<p align=\"center\"><span style=\"color: #000000; font-family: Monotype Corsiva; font-size: x-large;\"><strong>10.-Superaci\u00f3n (Piano solo). 5:53<\/strong><\/span><\/p>\n<p align=\"center\"><span style=\"color: #000000; font-family: Monotype Corsiva; font-size: x-large;\"><strong>11.- Desde las sombras. 4:40<\/strong><\/span><\/p>\n<p align=\"center\"><span style=\"color: #000000; font-family: Monotype Corsiva; font-size: x-large;\"><strong>12.-No voy a perder. 4:45<\/strong><\/span><\/p>\n<p align=\"center\"><span style=\"color: #000000; font-family: Monotype Corsiva; font-size: x-large;\"><strong>13.-Olv\u00eddate de ella. 4:35<\/strong><\/span><\/p>\n<p align=\"center\"><span style=\"color: #000000; font-family: Monotype Corsiva; font-size: x-large;\"><strong>14.-Olv\u00eddate de ella (instrumental). 2:34<\/strong><\/span><\/p>\n<p align=\"center\"><span style=\"color: #000000; font-family: Monotype Corsiva; font-size: x-large;\"><strong>Material extra:<\/strong><\/span><\/p>\n<p align=\"center\"><span style=\"color: #000000; font-family: Monotype Corsiva; font-size: x-large;\"><strong>15.- No voy a perder (instrumental). 4:45<\/strong><\/span><\/p>\n<p align=\"center\"><span style=\"color: #000000; font-family: Monotype Corsiva; font-size: x-large;\"><strong>16.- Entre Bach y yo (II). 1:46<\/strong><\/span><\/p>\n","protected":false},"excerpt":{"rendered":"<p>\u00a1Muchos temas los puedes encontrar en Youtube! COnVIDa (2022) 1 Todo por ver 4:54 2 Si es que no ves 3:37 3 Lo que he logrado encontrar 3:50 4 Solo a tomar caf\u00e9 4:21 5 Qu\u00e9 va a cambiar 4:53 6 Pluma y papel 3:57 7 Da\u00f1o colateral 2:46 8 Clare 3:55 9 El hilo &hellip; <a href=\"https:\/\/hectorreyes.com\/?page_id=74\" class=\"more-link\">Continuar leyendo<span class=\"screen-reader-text\"> \u00abDiscograf\u00eda\u00bb<\/span><\/a><\/p>\n","protected":false},"author":1,"featured_media":0,"parent":0,"menu_order":0,"comment_status":"closed","ping_status":"closed","template":"","meta":{"footnotes":""},"class_list":["post-74","page","type-page","status-publish","hentry"],"_links":{"self":[{"href":"https:\/\/hectorreyes.com\/index.php?rest_route=\/wp\/v2\/pages\/74","targetHints":{"allow":["GET"]}}],"collection":[{"href":"https:\/\/hectorreyes.com\/index.php?rest_route=\/wp\/v2\/pages"}],"about":[{"href":"https:\/\/hectorreyes.com\/index.php?rest_route=\/wp\/v2\/types\/page"}],"author":[{"embeddable":true,"href":"https:\/\/hectorreyes.com\/index.php?rest_route=\/wp\/v2\/users\/1"}],"replies":[{"embeddable":true,"href":"https:\/\/hectorreyes.com\/index.php?rest_route=%2Fwp%2Fv2%2Fcomments&post=74"}],"version-history":[{"count":14,"href":"https:\/\/hectorreyes.com\/index.php?rest_route=\/wp\/v2\/pages\/74\/revisions"}],"predecessor-version":[{"id":203,"href":"https:\/\/hectorreyes.com\/index.php?rest_route=\/wp\/v2\/pages\/74\/revisions\/203"}],"wp:attachment":[{"href":"https:\/\/hectorreyes.com\/index.php?rest_route=%2Fwp%2Fv2%2Fmedia&parent=74"}],"curies":[{"name":"wp","href":"https:\/\/api.w.org\/{rel}","templated":true}]}}