{"id":81,"date":"2017-08-16T10:10:32","date_gmt":"2017-08-16T10:10:32","guid":{"rendered":"http:\/\/hectorreyes.com\/wordpress\/?page_id=81"},"modified":"2019-10-14T10:48:34","modified_gmt":"2019-10-14T10:48:34","slug":"biografia","status":"publish","type":"page","link":"https:\/\/hectorreyes.com\/?page_id=81","title":{"rendered":"Biograf\u00eda y experiencia"},"content":{"rendered":"<p>M\u00fasico multiinstrumentista cuya m\u00fasica es dif\u00edcil de clasificar en un \u00fanico estilo. Este artista bebe de muchas fuentes, desde los cl\u00e1sicos, la m\u00fasica de cine, hasta el blues, el rock y el jazz. En su m\u00fasica se dejan ver influencias de grupos como Supertramp, Genesis, Pink Floyd, pianistas como Keith Jarrett, George Winston, Jon Lord o Rick Wakeman, guitarristas como Mike Oldfield, Mark Knopfler, Joe Satriani o Eric Clapton, compositores de bandas sonoras, como John Williams o Hans Zimmer\u2026 La influencia de los cl\u00e1sicos tambi\u00e9n es patente, especialmente de Beethoven.<\/p>\n<p>Es pianista de formaci\u00f3n cl\u00e1sica, aprendi\u00f3 guitarra cl\u00e1sica y el\u00e9ctrica de manera autodidacta. No pierde ocasi\u00f3n de aprender algo nuevo al piano o a la guitarra.<\/p>\n<p>M\u00fasica tremendamente ecl\u00e9ctica, puede sorprender en un recital de piano de corte m\u00e1s cl\u00e1sico o jazz\u00edstico o en un concierto con banda en interpretaciones m\u00e1s cercanas al blues o al rock.<\/p>\n<p>Tras actuaciones en peque\u00f1as salas y en convenciones de fans de Mike Oldfield, comienza a tocar en salas peque\u00f1as y poco a poco van llegando los auditorios, donde su m\u00fasica se puede disfrutar quiz\u00e1 con mayor intensidad.<\/p>\n<p>Todo ello compaginando las sesiones de grabaci\u00f3n de sus seis trabajos discogr\u00e1ficos, arreglos y colaboraciones de estudio para otros m\u00fasicos y algunos trabajos para teatro, cine y televisi\u00f3n.<\/p>\n<p>M\u00fasica de una gran intensidad que cautiva por su emoci\u00f3n, por la diversidad estil\u00edstica, por un buen gusto y por la sorpresa permanente que resulta para el espectador.<\/p>\n<p><img loading=\"lazy\" decoding=\"async\" class=\"alignright wp-image-72 size-thumbnail\" src=\"https:\/\/hectorreyes.com\/wp-content\/uploads\/2017\/08\/orab1-150x150.jpg\" alt=\"\" width=\"150\" height=\"150\" \/><\/p>\n<p>&#8211; H\u00e9ctor Reyes tr\u00edo: junto a David Ramos (bajo) y Jes\u00fas Mahlo (bater\u00eda), se realizan conciertos tocando temas de la discograf\u00eda, con \u00a0un estilo personal dif\u00edcil de clasificar, entre la m\u00fasica cl\u00e1sica, el blues, el jazz y el rock.<\/p>\n<p>&#8211; S\u00e9ptimo disco en el mercado: <em>Viento y luz<\/em>, grabado para <em>Several Records<\/em> y editado en octubre de 2019.<\/p>\n<p>&#8211; Concertista de piano en el VIII Festival Internacional de Piano Guadalquivir (C\u00f3rdoba), junto a pianistas como Leslie Howard, Adrian Oetiker o Julio Mazziotti (septiembre de 2017).<\/p>\n<p>&#8211; Sexto disco en el mercado: <em>Retales<\/em>, grabado para <em>Several Records<\/em> y editado en octubre de 2017.<\/p>\n<p>&#8211; Concierto junto a la cellista Laura Montoya sobre bandas sonoras de pel\u00edculas (agosto de 2017).<\/p>\n<p>&#8211; Arreglista de piano y hammond para el \u00faltimo trabajo del cantautor Tai, <em>Despegar<\/em> (2017).<\/p>\n<p>&#8211; Compositor junto al guitarrista Keith Rodr\u00edguez de la m\u00fasica de las obras de teatro <em>Oliver Twist<\/em> (2014), <em>Cyrano de Bergerac<\/em> (2015), <em>Los \u00e1rboles mueren de pie<\/em> (2016) y <em>Mucho ruido y pocas nueces<\/em> (2017) para el centro J.H. Newman.<\/p>\n<p>&#8211; Arreglista y m\u00fasico de estudio (piano y hammond) del proyecto Cooking Butterflies, junto al guitarrista V\u00edctor Manuel Arias (\u00d1u, Bar\u00f3n Rojo\u2026) y el bajista Javier \u201cPato\u201d Mu\u00f1oz (Raphael), 2015<\/p>\n<p>&#8211; Quinto disco en el mercado: <em>Rincones del alma<\/em>, grabado para <em>Several Records<\/em> y editado en noviembre de 2014.<\/p>\n<p>&#8211; Teclista y arreglista del \u00faltimo disco en solitario de Manuel Arias (guitarrista de <em>\u00d1u, Bar\u00f3n Rojo<\/em>), a\u00fan en producci\u00f3n.<\/p>\n<p>&#8211; Arreglista en la \u00faltima etapa del grupo <em>Sobredosis<\/em>.<\/p>\n<p>&#8211; Miembro del grupo <em>Dr. Snake<\/em>, versionando temas de <em>Whitesnake<\/em> junto al guitarrista de <em>\u00d1u<\/em> (Manuel Arias), el guitarrista de <em>Sobredosis<\/em> (Jos\u00e9 Benito), Jos\u00e9 \u00c1lvarez como cantante, el bajista de <em>La Huella<\/em>, Rafael Requena, y el baterista de <em>Nexx<\/em>, \u00d3scar P\u00e9rez.<\/p>\n<p>-Guitarrista solista (el\u00e9ctrica y ac\u00fastica) de <em>Tubular Project<\/em> (www.tubularproject.com): versi\u00f3n del cl\u00e1sico de Mike Oldfield, Tubular Bells, junto a la orquesta de cuerda <em>Vicente Aleixandre de Aranjuez<\/em> (2003-2006). El estreno de dicho concierto fue grabado en Aranjuez y comercializado, con la colaboraci\u00f3n el los teclados de David Bedford. Se\u00a0 edit\u00f3 en DVD-CD del concierto realizado en Amurrio (\u00c1lava).<\/p>\n<p>-Teclista y arreglista en los \u00faltimos discos de <em>Ars Amandi<\/em> (producci\u00f3n de Manuel Arias).<\/p>\n<p>-Teclista y arreglista en los dos discos del grupo <em>Leyenda<\/em> producidos por Manuel Arias y grabados en 2004 y 2006 respectivamente, as\u00ed como en los conciertos presentaci\u00f3n de dichos discos.<\/p>\n<p>&#8211; Compositor de m\u00fasica para anuncios de televisi\u00f3n (para <em>Kines<\/em>).<\/p>\n<p align=\"left\">&#8211; Conciertos de temas propios recogidos en seis trabajos (<em>La sexta v\u00eda<\/em>, <em>El hombre de la calle<\/em>, <em>Encadenado<\/em> y \u00a0<em>Cristalino, Rincones del Alma, Retales<\/em>), junto a la <em>Zarlino Band<\/em> y con elevado \u00e9xito de cr\u00edticas en prensa especializada y p\u00fablico. Asiduo de locales como <em>La Buena Dicha<\/em>, <em>Studio 29<\/em>, <em>La flauta M\u00e1gica<\/em>, <em>B\u00faho Real<\/em>,\u00a0 <em>El Montacargas<\/em> y sobre todo, <em>Segundo Jazz<\/em>, as\u00ed como de centros culturales, como el <em>Alfredo Kraus<\/em> y <em>Antonio Machado<\/em> de Madrid.<\/p>\n<p><img loading=\"lazy\" decoding=\"async\" class=\"alignnone wp-image-82 aligncenter\" src=\"http:\/\/hectorreyes.com\/wp-content\/uploads\/2017\/08\/zarlino-3-miembros.jpg\" alt=\"\" width=\"213\" height=\"213\" srcset=\"https:\/\/hectorreyes.com\/wp-content\/uploads\/2017\/08\/zarlino-3-miembros.jpg 640w, https:\/\/hectorreyes.com\/wp-content\/uploads\/2017\/08\/zarlino-3-miembros-150x150.jpg 150w, https:\/\/hectorreyes.com\/wp-content\/uploads\/2017\/08\/zarlino-3-miembros-300x300.jpg 300w\" sizes=\"auto, (max-width: 213px) 85vw, 213px\" \/><\/p>\n","protected":false},"excerpt":{"rendered":"<p>M\u00fasico multiinstrumentista cuya m\u00fasica es dif\u00edcil de clasificar en un \u00fanico estilo. Este artista bebe de muchas fuentes, desde los cl\u00e1sicos, la m\u00fasica de cine, hasta el blues, el rock y el jazz. En su m\u00fasica se dejan ver influencias de grupos como Supertramp, Genesis, Pink Floyd, pianistas como Keith Jarrett, George Winston, Jon Lord &hellip; <a href=\"https:\/\/hectorreyes.com\/?page_id=81\" class=\"more-link\">Continuar leyendo<span class=\"screen-reader-text\"> \u00abBiograf\u00eda y experiencia\u00bb<\/span><\/a><\/p>\n","protected":false},"author":1,"featured_media":0,"parent":0,"menu_order":0,"comment_status":"closed","ping_status":"closed","template":"","meta":{"footnotes":""},"class_list":["post-81","page","type-page","status-publish","hentry"],"_links":{"self":[{"href":"https:\/\/hectorreyes.com\/index.php?rest_route=\/wp\/v2\/pages\/81","targetHints":{"allow":["GET"]}}],"collection":[{"href":"https:\/\/hectorreyes.com\/index.php?rest_route=\/wp\/v2\/pages"}],"about":[{"href":"https:\/\/hectorreyes.com\/index.php?rest_route=\/wp\/v2\/types\/page"}],"author":[{"embeddable":true,"href":"https:\/\/hectorreyes.com\/index.php?rest_route=\/wp\/v2\/users\/1"}],"replies":[{"embeddable":true,"href":"https:\/\/hectorreyes.com\/index.php?rest_route=%2Fwp%2Fv2%2Fcomments&post=81"}],"version-history":[{"count":12,"href":"https:\/\/hectorreyes.com\/index.php?rest_route=\/wp\/v2\/pages\/81\/revisions"}],"predecessor-version":[{"id":168,"href":"https:\/\/hectorreyes.com\/index.php?rest_route=\/wp\/v2\/pages\/81\/revisions\/168"}],"wp:attachment":[{"href":"https:\/\/hectorreyes.com\/index.php?rest_route=%2Fwp%2Fv2%2Fmedia&parent=81"}],"curies":[{"name":"wp","href":"https:\/\/api.w.org\/{rel}","templated":true}]}}